{"id":71,"date":"2026-01-15T16:43:16","date_gmt":"2026-01-15T16:43:16","guid":{"rendered":"https:\/\/gentidellealture.ch\/?page_id=71"},"modified":"2026-01-30T15:11:57","modified_gmt":"2026-01-30T15:11:57","slug":"contatti","status":"publish","type":"page","link":"https:\/\/gentidellealture.ch\/index.php\/contatti\/","title":{"rendered":"CONTATTI"},"content":{"rendered":"\t\t<div data-elementor-type=\"wp-page\" data-elementor-id=\"71\" class=\"elementor elementor-71\">\n\t\t\t\t<div class=\"elementor-element elementor-element-996b119 e-flex e-con-boxed e-con e-parent\" data-id=\"996b119\" data-element_type=\"container\" data-settings=\"{&quot;background_background&quot;:&quot;classic&quot;}\">\n\t\t\t\t\t<div class=\"e-con-inner\">\n\t\t\t\t<div class=\"elementor-element elementor-element-318ac47 elementor-widget elementor-widget-heading\" data-id=\"318ac47\" data-element_type=\"widget\" data-widget_type=\"heading.default\">\n\t\t\t\t\t<h1 class=\"elementor-heading-title elementor-size-default\">Kontakt \u2013 Wir sind f\u00fcr Sie da<\/h1>\t\t\t\t<\/div>\n\t\t\t\t<div class=\"elementor-element elementor-element-455450d elementor-widget elementor-widget-heading\" data-id=\"455450d\" data-element_type=\"widget\" data-widget_type=\"heading.default\">\n\t\t\t\t\t<h3 class=\"elementor-heading-title elementor-size-default\">Kontakt \u2013 Wir sind f\u00fcr Sie da<\/h3>\t\t\t\t<\/div>\n\t\t\t\t\t<\/div>\n\t\t\t\t<\/div>\n\t\t<div class=\"elementor-element elementor-element-1c88a9b e-flex e-con-boxed e-con e-parent\" data-id=\"1c88a9b\" data-element_type=\"container\">\n\t\t\t\t\t<div class=\"e-con-inner\">\n\t\t<div class=\"elementor-element elementor-element-85c2f71 e-con-full e-flex e-con e-child\" data-id=\"85c2f71\" data-element_type=\"container\">\n\t\t<div class=\"elementor-element elementor-element-52670f7 e-con-full e-flex e-con e-child\" data-id=\"52670f7\" data-element_type=\"container\">\n\t\t\t\t<div class=\"elementor-element elementor-element-6e9c490 elementor-widget elementor-widget-heading\" data-id=\"6e9c490\" data-element_type=\"widget\" data-widget_type=\"heading.default\">\n\t\t\t\t\t<h2 class=\"elementor-heading-title elementor-size-default\">Depot Z\u00fcrich<\/h2>\t\t\t\t<\/div>\n\t\t\t\t<div class=\"elementor-element elementor-element-42cfc60 elementor-widget elementor-widget-heading\" data-id=\"42cfc60\" data-element_type=\"widget\" data-widget_type=\"heading.default\">\n\t\t\t\t\t<h5 class=\"elementor-heading-title elementor-size-default\">Adresse<\/h5>\t\t\t\t<\/div>\n\t\t\t\t<div class=\"elementor-element elementor-element-9dd382d elementor-widget elementor-widget-heading\" data-id=\"9dd382d\" data-element_type=\"widget\" data-widget_type=\"heading.default\">\n\t\t\t\t\t<p class=\"elementor-heading-title elementor-size-default\">Meilenerstrasse, 7, 8132 Egg b. Z\u00fcrich<\/p>\t\t\t\t<\/div>\n\t\t\t\t<div class=\"elementor-element elementor-element-4556e75 elementor-widget elementor-widget-heading\" data-id=\"4556e75\" data-element_type=\"widget\" data-widget_type=\"heading.default\">\n\t\t\t\t\t<h5 class=\"elementor-heading-title elementor-size-default\">tELEFON<\/h5>\t\t\t\t<\/div>\n\t\t\t\t<div class=\"elementor-element elementor-element-f9a06b8 elementor-widget elementor-widget-heading\" data-id=\"f9a06b8\" data-element_type=\"widget\" data-widget_type=\"heading.default\">\n\t\t\t\t\t<p class=\"elementor-heading-title elementor-size-default\">044 545 75 95<\/p>\t\t\t\t<\/div>\n\t\t\t\t<div class=\"elementor-element elementor-element-2afa3eb elementor-widget elementor-widget-heading\" data-id=\"2afa3eb\" data-element_type=\"widget\" data-widget_type=\"heading.default\">\n\t\t\t\t\t<h5 class=\"elementor-heading-title elementor-size-default\">MAIL<\/h5>\t\t\t\t<\/div>\n\t\t\t\t<div class=\"elementor-element elementor-element-5489348 elementor-widget elementor-widget-heading\" data-id=\"5489348\" data-element_type=\"widget\" data-widget_type=\"heading.default\">\n\t\t\t\t\t<p class=\"elementor-heading-title elementor-size-default\">hello@the7-church.com<\/p>\t\t\t\t<\/div>\n\t\t\t\t<div class=\"elementor-element elementor-element-32410e3 elementor-widget elementor-widget-heading\" data-id=\"32410e3\" data-element_type=\"widget\" data-widget_type=\"heading.default\">\n\t\t\t\t\t<h5 class=\"elementor-heading-title elementor-size-default\">FOLGEN SIE UNS AUF SOCIAL MEDIA<\/h5>\t\t\t\t<\/div>\n\t\t<div class=\"elementor-element elementor-element-f09b1f0 e-grid e-con-full e-con e-child\" data-id=\"f09b1f0\" data-element_type=\"container\">\n\t\t\t\t<div class=\"elementor-element elementor-element-926d4cb elementor-widget elementor-widget-image\" data-id=\"926d4cb\" data-element_type=\"widget\" data-widget_type=\"image.default\">\n\t\t\t\t\t\t\t\t\t\t\t\t\t\t\t\t<a href=\"https:\/\/www.facebook.com\/gentidellealture\">\n\t\t\t\t\t\t\t<img decoding=\"async\" width=\"32\" height=\"32\" src=\"https:\/\/gentidellealture.ch\/wp-content\/uploads\/2026\/01\/Social-Icons-3.png\" class=\"attachment-large size-large wp-image-74\" alt=\"\" \/>\t\t\t\t\t\t\t\t<\/a>\n\t\t\t\t\t\t\t\t\t\t\t\t\t\t\t<\/div>\n\t\t\t\t<div class=\"elementor-element elementor-element-15c4a83 elementor-widget elementor-widget-image\" data-id=\"15c4a83\" data-element_type=\"widget\" data-widget_type=\"image.default\">\n\t\t\t\t\t\t\t\t\t\t\t\t\t\t\t\t<a href=\"https:\/\/www.instagram.com\/genti_delle_alture\">\n\t\t\t\t\t\t\t<img decoding=\"async\" width=\"32\" height=\"32\" src=\"https:\/\/gentidellealture.ch\/wp-content\/uploads\/2026\/01\/Social-Icons-4.png\" class=\"attachment-large size-large wp-image-76\" alt=\"\" \/>\t\t\t\t\t\t\t\t<\/a>\n\t\t\t\t\t\t\t\t\t\t\t\t\t\t\t<\/div>\n\t\t\t\t<div class=\"elementor-element elementor-element-35789f0 elementor-widget elementor-widget-image\" data-id=\"35789f0\" data-element_type=\"widget\" data-widget_type=\"image.default\">\n\t\t\t\t\t\t\t\t\t\t\t\t\t\t\t<img decoding=\"async\" width=\"28\" height=\"32\" src=\"https:\/\/gentidellealture.ch\/wp-content\/uploads\/2026\/01\/segnaposto.png\" class=\"attachment-large size-large wp-image-245\" alt=\"\" \/>\t\t\t\t\t\t\t\t\t\t\t\t\t\t\t<\/div>\n\t\t\t\t<div class=\"elementor-element elementor-element-3a33314 elementor-widget elementor-widget-image\" data-id=\"3a33314\" data-element_type=\"widget\" data-widget_type=\"image.default\">\n\t\t\t\t\t\t\t\t\t\t\t\t\t\t\t<img decoding=\"async\" width=\"28\" height=\"32\" src=\"https:\/\/gentidellealture.ch\/wp-content\/uploads\/2026\/01\/segnaposto.png\" class=\"attachment-large size-large wp-image-245\" alt=\"\" \/>\t\t\t\t\t\t\t\t\t\t\t\t\t\t\t<\/div>\n\t\t\t\t<div class=\"elementor-element elementor-element-368ecd6 elementor-widget elementor-widget-image\" data-id=\"368ecd6\" data-element_type=\"widget\" data-widget_type=\"image.default\">\n\t\t\t\t\t\t\t\t\t\t\t\t\t\t\t<img decoding=\"async\" width=\"28\" height=\"32\" src=\"https:\/\/gentidellealture.ch\/wp-content\/uploads\/2026\/01\/segnaposto.png\" class=\"attachment-large size-large wp-image-245\" alt=\"\" \/>\t\t\t\t\t\t\t\t\t\t\t\t\t\t\t<\/div>\n\t\t\t\t<\/div>\n\t\t\t\t<\/div>\n\t\t\t\t<\/div>\n\t\t<div class=\"elementor-element elementor-element-4f14b1a e-con-full e-flex e-con e-child\" data-id=\"4f14b1a\" data-element_type=\"container\">\n\t\t\t\t<div class=\"elementor-element elementor-element-2e55fb6 elementor-widget elementor-widget-google_maps\" data-id=\"2e55fb6\" data-element_type=\"widget\" data-widget_type=\"google_maps.default\">\n\t\t\t\t\t\t\t<div class=\"elementor-custom-embed\">\n\t\t\t<iframe loading=\"lazy\"\n\t\t\t\t\tsrc=\"https:\/\/maps.google.com\/maps?q=Meilenerstrasse%2C%207%2C%208132%20Egg%20b.%20Z%C3%BCrich&#038;t=m&#038;z=10&#038;output=embed&#038;iwloc=near\"\n\t\t\t\t\ttitle=\"Meilenerstrasse, 7, 8132 Egg b. Z\u00fcrich\"\n\t\t\t\t\taria-label=\"Meilenerstrasse, 7, 8132 Egg b. Z\u00fcrich\"\n\t\t\t><\/iframe>\n\t\t<\/div>\n\t\t\t\t\t\t<\/div>\n\t\t\t\t<\/div>\n\t\t\t\t\t<\/div>\n\t\t\t\t<\/div>\n\t\t<div class=\"elementor-element elementor-element-e048230 e-flex e-con-boxed e-con e-parent\" data-id=\"e048230\" data-element_type=\"container\">\n\t\t\t\t\t<div class=\"e-con-inner\">\n\t\t<div class=\"elementor-element elementor-element-6b4b733 e-con-full e-flex e-con e-child\" data-id=\"6b4b733\" data-element_type=\"container\">\n\t\t\t\t<div class=\"elementor-element elementor-element-e8bc806 elementor-widget elementor-widget-google_maps\" data-id=\"e8bc806\" data-element_type=\"widget\" data-widget_type=\"google_maps.default\">\n\t\t\t\t\t\t\t<div class=\"elementor-custom-embed\">\n\t\t\t<iframe loading=\"lazy\"\n\t\t\t\t\tsrc=\"https:\/\/maps.google.com\/maps?q=Chemin%20des%20taborneires%2C%204%2C%201350%20Orbe&#038;t=m&#038;z=10&#038;output=embed&#038;iwloc=near\"\n\t\t\t\t\ttitle=\"Chemin des taborneires, 4, 1350 Orbe\"\n\t\t\t\t\taria-label=\"Chemin des taborneires, 4, 1350 Orbe\"\n\t\t\t><\/iframe>\n\t\t<\/div>\n\t\t\t\t\t\t<\/div>\n\t\t\t\t<\/div>\n\t\t<div class=\"elementor-element elementor-element-d79068b e-con-full e-flex e-con e-child\" data-id=\"d79068b\" data-element_type=\"container\">\n\t\t<div class=\"elementor-element elementor-element-0b384ec e-con-full e-flex e-con e-child\" data-id=\"0b384ec\" data-element_type=\"container\">\n\t\t<div class=\"elementor-element elementor-element-d520e2c e-con-full e-flex e-con e-child\" data-id=\"d520e2c\" data-element_type=\"container\">\n\t\t\t\t<div class=\"elementor-element elementor-element-e0a0f47 elementor-widget elementor-widget-heading\" data-id=\"e0a0f47\" data-element_type=\"widget\" data-widget_type=\"heading.default\">\n\t\t\t\t\t<h2 class=\"elementor-heading-title elementor-size-default\">Depot Orbe<\/h2>\t\t\t\t<\/div>\n\t\t\t\t<div class=\"elementor-element elementor-element-1286484 elementor-widget elementor-widget-heading\" data-id=\"1286484\" data-element_type=\"widget\" data-widget_type=\"heading.default\">\n\t\t\t\t\t<h5 class=\"elementor-heading-title elementor-size-default\">Adresse<\/h5>\t\t\t\t<\/div>\n\t\t\t\t<div class=\"elementor-element elementor-element-d3e4f64 elementor-widget elementor-widget-heading\" data-id=\"d3e4f64\" data-element_type=\"widget\" data-widget_type=\"heading.default\">\n\t\t\t\t\t<p class=\"elementor-heading-title elementor-size-default\">Chemin des taborneires, 4, 1350 Orbe<\/p>\t\t\t\t<\/div>\n\t\t\t\t<div class=\"elementor-element elementor-element-5107152 elementor-widget elementor-widget-heading\" data-id=\"5107152\" data-element_type=\"widget\" data-widget_type=\"heading.default\">\n\t\t\t\t\t<h5 class=\"elementor-heading-title elementor-size-default\">Telefon<\/h5>\t\t\t\t<\/div>\n\t\t\t\t<div class=\"elementor-element elementor-element-6f9139d elementor-widget elementor-widget-heading\" data-id=\"6f9139d\" data-element_type=\"widget\" data-widget_type=\"heading.default\">\n\t\t\t\t\t<p class=\"elementor-heading-title elementor-size-default\">044 545 75 90<\/p>\t\t\t\t<\/div>\n\t\t\t\t<div class=\"elementor-element elementor-element-16412e5 elementor-widget elementor-widget-heading\" data-id=\"16412e5\" data-element_type=\"widget\" data-widget_type=\"heading.default\">\n\t\t\t\t\t<h5 class=\"elementor-heading-title elementor-size-default\">MAIL<\/h5>\t\t\t\t<\/div>\n\t\t\t\t<div class=\"elementor-element elementor-element-e5d0913 elementor-widget elementor-widget-heading\" data-id=\"e5d0913\" data-element_type=\"widget\" data-widget_type=\"heading.default\">\n\t\t\t\t\t<p class=\"elementor-heading-title elementor-size-default\">hello@the7-church.com<\/p>\t\t\t\t<\/div>\n\t\t\t\t<div class=\"elementor-element elementor-element-79d0551 elementor-widget elementor-widget-heading\" data-id=\"79d0551\" data-element_type=\"widget\" data-widget_type=\"heading.default\">\n\t\t\t\t\t<h5 class=\"elementor-heading-title elementor-size-default\">FOLGEN SIE UNS AUF SOCIAL MEDIA<\/h5>\t\t\t\t<\/div>\n\t\t<div class=\"elementor-element elementor-element-6b40a5e e-grid e-con-full e-con e-child\" data-id=\"6b40a5e\" data-element_type=\"container\">\n\t\t\t\t<div class=\"elementor-element elementor-element-a59bbb6 elementor-widget elementor-widget-image\" data-id=\"a59bbb6\" data-element_type=\"widget\" data-widget_type=\"image.default\">\n\t\t\t\t\t\t\t\t\t\t\t\t\t\t\t\t<a href=\"https:\/\/www.facebook.com\/gentidellealture\">\n\t\t\t\t\t\t\t<img decoding=\"async\" width=\"32\" height=\"32\" src=\"https:\/\/gentidellealture.ch\/wp-content\/uploads\/2026\/01\/Social-Icons-3.png\" class=\"attachment-large size-large wp-image-74\" alt=\"\" \/>\t\t\t\t\t\t\t\t<\/a>\n\t\t\t\t\t\t\t\t\t\t\t\t\t\t\t<\/div>\n\t\t\t\t<div class=\"elementor-element elementor-element-9ec392a elementor-widget elementor-widget-image\" data-id=\"9ec392a\" data-element_type=\"widget\" data-widget_type=\"image.default\">\n\t\t\t\t\t\t\t\t\t\t\t\t\t\t\t\t<a href=\"https:\/\/www.instagram.com\/genti_delle_alture\">\n\t\t\t\t\t\t\t<img decoding=\"async\" width=\"32\" height=\"32\" src=\"https:\/\/gentidellealture.ch\/wp-content\/uploads\/2026\/01\/Social-Icons-4.png\" class=\"attachment-large size-large wp-image-76\" alt=\"\" \/>\t\t\t\t\t\t\t\t<\/a>\n\t\t\t\t\t\t\t\t\t\t\t\t\t\t\t<\/div>\n\t\t\t\t<div class=\"elementor-element elementor-element-534d7ed elementor-widget elementor-widget-image\" data-id=\"534d7ed\" data-element_type=\"widget\" data-widget_type=\"image.default\">\n\t\t\t\t\t\t\t\t\t\t\t\t\t\t\t<img decoding=\"async\" width=\"28\" height=\"32\" src=\"https:\/\/gentidellealture.ch\/wp-content\/uploads\/2026\/01\/segnaposto.png\" class=\"attachment-large size-large wp-image-245\" alt=\"\" \/>\t\t\t\t\t\t\t\t\t\t\t\t\t\t\t<\/div>\n\t\t\t\t<div class=\"elementor-element elementor-element-f80e2c6 elementor-widget elementor-widget-image\" data-id=\"f80e2c6\" data-element_type=\"widget\" data-widget_type=\"image.default\">\n\t\t\t\t\t\t\t\t\t\t\t\t\t\t\t<img decoding=\"async\" width=\"28\" height=\"32\" src=\"https:\/\/gentidellealture.ch\/wp-content\/uploads\/2026\/01\/segnaposto.png\" class=\"attachment-large size-large wp-image-245\" alt=\"\" \/>\t\t\t\t\t\t\t\t\t\t\t\t\t\t\t<\/div>\n\t\t\t\t<div class=\"elementor-element elementor-element-444b67d elementor-widget elementor-widget-image\" data-id=\"444b67d\" data-element_type=\"widget\" data-widget_type=\"image.default\">\n\t\t\t\t\t\t\t\t\t\t\t\t\t\t\t<img decoding=\"async\" width=\"28\" height=\"32\" src=\"https:\/\/gentidellealture.ch\/wp-content\/uploads\/2026\/01\/segnaposto.png\" class=\"attachment-large size-large wp-image-245\" alt=\"\" \/>\t\t\t\t\t\t\t\t\t\t\t\t\t\t\t<\/div>\n\t\t\t\t<\/div>\n\t\t\t\t<\/div>\n\t\t\t\t<\/div>\n\t\t\t\t<\/div>\n\t\t\t\t\t<\/div>\n\t\t\t\t<\/div>\n\t\t<div class=\"elementor-element elementor-element-cac99ee e-flex e-con-boxed e-con e-parent\" data-id=\"cac99ee\" data-element_type=\"container\">\n\t\t\t\t\t<div class=\"e-con-inner\">\n\t\t\t\t<div class=\"elementor-element elementor-element-2ca5f0e elementor-widget elementor-widget-heading\" data-id=\"2ca5f0e\" data-element_type=\"widget\" data-widget_type=\"heading.default\">\n\t\t\t\t\t<h1 class=\"elementor-heading-title elementor-size-default\">Kontaktformular<\/h1>\t\t\t\t<\/div>\n\t\t\t\t<div class=\"elementor-element elementor-element-e02a9f2 elementor-widget elementor-widget-heading\" data-id=\"e02a9f2\" data-element_type=\"widget\" data-widget_type=\"heading.default\">\n\t\t\t\t\t<h3 class=\"elementor-heading-title elementor-size-default\">Wir antworten Ihnen so schnell wie m\u00f6glich.<\/h3>\t\t\t\t<\/div>\n\t\t\t\t\t<\/div>\n\t\t\t\t<\/div>\n\t\t<div class=\"elementor-element elementor-element-907abfc e-flex e-con-boxed e-con e-parent\" data-id=\"907abfc\" data-element_type=\"container\">\n\t\t\t\t\t<div class=\"e-con-inner\">\n\t\t\t\t<div class=\"elementor-element elementor-element-a08811e elementor-widget elementor-widget-shortcode\" data-id=\"a08811e\" data-element_type=\"widget\" data-widget_type=\"shortcode.default\">\n\t\t\t\t\t\t\t<div class=\"elementor-shortcode\">\n<div class=\"wpcf7 no-js\" id=\"wpcf7-f125-o1\" lang=\"it-IT\" dir=\"ltr\" data-wpcf7-id=\"125\">\n<div class=\"screen-reader-response\"><p role=\"status\" aria-live=\"polite\" aria-atomic=\"true\"><\/p> <ul><\/ul><\/div>\n<form action=\"\/index.php\/wp-json\/wp\/v2\/pages\/71#wpcf7-f125-o1\" method=\"post\" class=\"wpcf7-form init\" aria-label=\"Modulo di contatto\" novalidate=\"novalidate\" data-status=\"init\">\n<fieldset class=\"hidden-fields-container\"><input type=\"hidden\" name=\"_wpcf7\" value=\"125\" \/><input type=\"hidden\" name=\"_wpcf7_version\" value=\"6.1.4\" \/><input type=\"hidden\" name=\"_wpcf7_locale\" value=\"it_IT\" \/><input type=\"hidden\" name=\"_wpcf7_unit_tag\" value=\"wpcf7-f125-o1\" \/><input type=\"hidden\" name=\"_wpcf7_container_post\" value=\"0\" \/><input type=\"hidden\" name=\"_wpcf7_posted_data_hash\" value=\"\" \/>\n<\/fieldset>\n<style>\n\/* Wrapper *\/\n.cf7-grid{\n width:100% !important;\n}\n\n\/* Spaziatura righe *\/\n.cf7-row{\n margin-bottom:22px !important;\n}\n\n\/* 2 colonne come nello screenshot *\/\n.cf7-row-2{\n display:flex !important;\n gap:26px !important;\n}\n.cf7-col{\n flex:1 !important;\n}\n\n\/* Input pill *\/\n.cf7-input,\n.cf7-textarea{\n width:100% !important;\n box-sizing:border-box;\n border:2px solid rgba(0,0,0,.45) !important;\n outline:none !important;\n font-size:15px !important;\n letter-spacing:.12em !important;\n text-transform:uppercase !important;\n color:#000!important;\n background:transparent !important;\n}\n\n\/* Altezza e pill shape *\/\n.cf7-pill{\n height:56px !important;\n border-radius:999px !important;\n padding:0 26px !important;\n}\n\n\/* Textarea grande con bordi arrotondati *\/\n.cf7-box{\n border-radius:34px !important;\n padding:22px 26px !important;\n min-height:220px !important;\n resize:vertical !important;\n}\n\n\/* Placeholder stile (simile allo screenshot) *\/\n.cf7-input::placeholder,\n.cf7-textarea::placeholder{\n color:rgba(0,0,0,.55) !important;\n text-transform:uppercase !important;\n letter-spacing:.14em !important;\n}\n\n\/* Focus *\/\n.cf7-input:focus,\n.cf7-textarea:focus{\n border-color:#C6A76E !important;\n box-shadow:0 0 0 3px rgba(198,167,110,.25) !important;\n}\n\n\/* Checkbox area *\/\n.cf7-checks{\n margin-top:6px !important;\n}\n.cf7-check{\n display:block !important;\n margin:14px 0 !important;\n font-size:15px !important;\n line-height:1.35 !important;\n color:rgba(0,0,0,.85) !important;\n}\n\n\/* Allinea checkbox e testo *\/\n.cf7-check input[type=\"checkbox\"]{\n width:18px !important;\n height:18px !important;\n margin-right:10px !important;\n vertical-align:middle !important;\n accent-color:#0B1B2E !important;\n}\n\n\/* Bottone gold *\/\n.cf7-submit{\n width:100% !important;\n height:74px !important;\n border:0 !important;\n border-radius:999px !important;\n background:#0B1B2E !important;\n color:#fff!important;\n font-weight:700 !important;\n letter-spacing:.08em !important;\n text-transform:uppercase !important;\n cursor:pointer !important;\n display:inline-flex !important;\n align-items:center !important;\n justify-content:center !important;\n gap:12px !important;\n}\n\n\/* Hover *\/\n.cf7-submit:hover{\n filter:brightness(0.97) !important;\n}\n\n\/* Responsive: su mobile va a colonna singola *\/\n@media (max-width: 820px){\n .cf7-row-2{\n flex-direction:column !important;\n gap:18px !important;\n }\n}\n\n.wpcf7-form-control .wpcf7-submit has-spinner .cf7-submit {\n color: white !important;\n}\n<\/style>\n<div class=\"cf7-grid\">\n\t<div class=\"cf7-row cf7-row-2\">\n\t\t<div class=\"cf7-col\">\n\t\t\t<p><span class=\"wpcf7-form-control-wrap\" data-name=\"your-name\"><input size=\"40\" maxlength=\"400\" class=\"wpcf7-form-control wpcf7-text wpcf7-validates-as-required cf7-input cf7-pill\" autocomplete=\"name\" aria-required=\"true\" aria-invalid=\"false\" placeholder=\"Vorname\" value=\"\" type=\"text\" name=\"your-name\" \/><\/span>\n\t\t\t<\/p>\n\t\t<\/div>\n\t\t<div class=\"cf7-col\">\n\t\t\t<p><span class=\"wpcf7-form-control-wrap\" data-name=\"your-surname\"><input size=\"40\" maxlength=\"400\" class=\"wpcf7-form-control wpcf7-text wpcf7-validates-as-required cf7-input cf7-pill\" aria-required=\"true\" aria-invalid=\"false\" placeholder=\"Nachname\" value=\"\" type=\"text\" name=\"your-surname\" \/><\/span>\n\t\t\t<\/p>\n\t\t<\/div>\n\t<\/div>\n\t<div class=\"cf7-row cf7-row-2\">\n\t\t<div class=\"cf7-col\">\n\t\t\t<p><span class=\"wpcf7-form-control-wrap\" data-name=\"your-phone\"><input size=\"40\" maxlength=\"400\" class=\"wpcf7-form-control wpcf7-tel wpcf7-validates-as-required wpcf7-text wpcf7-validates-as-tel cf7-input cf7-pill\" autocomplete=\"tel\" aria-required=\"true\" aria-invalid=\"false\" placeholder=\"Telefon\" value=\"\" type=\"tel\" name=\"your-phone\" \/><\/span>\n\t\t\t<\/p>\n\t\t<\/div>\n\t\t<div class=\"cf7-col\">\n\t\t\t<p><span class=\"wpcf7-form-control-wrap\" data-name=\"your-email\"><input size=\"40\" maxlength=\"400\" class=\"wpcf7-form-control wpcf7-email wpcf7-validates-as-required wpcf7-text wpcf7-validates-as-email cf7-input cf7-pill\" autocomplete=\"email\" aria-required=\"true\" aria-invalid=\"false\" placeholder=\"EMAIL\" value=\"\" type=\"email\" name=\"your-email\" \/><\/span>\n\t\t\t<\/p>\n\t\t<\/div>\n\t<\/div>\n\t<div class=\"cf7-row\">\n\t\t<p><span class=\"wpcf7-form-control-wrap\" data-name=\"your-subject\"><input size=\"40\" maxlength=\"400\" class=\"wpcf7-form-control wpcf7-text wpcf7-validates-as-required cf7-input cf7-pill\" aria-required=\"true\" aria-invalid=\"false\" placeholder=\"Betreff\" value=\"\" type=\"text\" name=\"your-subject\" \/><\/span>\n\t\t<\/p>\n\t<\/div>\n\t<div class=\"cf7-row\">\n\t\t<p><span class=\"wpcf7-form-control-wrap\" data-name=\"your-message\"><textarea cols=\"40\" rows=\"10\" maxlength=\"2000\" class=\"wpcf7-form-control wpcf7-textarea cf7-textarea cf7-box\" aria-invalid=\"false\" placeholder=\"Nachricht\" name=\"your-message\"><\/textarea><\/span>\n\t\t<\/p>\n\t<\/div>\n\t<div class=\"cf7-row cf7-checks\">\n\t\t<p><span class=\"cf7-check\"><br \/>\n<span class=\"wpcf7-form-control-wrap\" data-name=\"catalog-pdf\"><span class=\"wpcf7-form-control wpcf7-checkbox cf7-checkbox\"><span class=\"wpcf7-list-item first last\"><label><input type=\"checkbox\" name=\"catalog-pdf[]\" value=\"Ich m\u00f6chte den PDF-Katalog erhalten\" \/><span class=\"wpcf7-list-item-label\">Ich m\u00f6chte den PDF-Katalog erhalten<\/span><\/label><\/span><\/span><\/span><br \/>\n<\/span>\n\t\t<\/p>\n\t\t<p><span class=\"cf7-check\"><br \/>\n<span class=\"wpcf7-form-control-wrap\" data-name=\"privacy-consent\"><span class=\"wpcf7-form-control wpcf7-acceptance\"><span class=\"wpcf7-list-item\"><label><input type=\"checkbox\" name=\"privacy-consent\" value=\"1\" class=\"cf7-acceptance\" aria-invalid=\"false\" \/><span class=\"wpcf7-list-item-label\">Ich willige in die Verarbeitung meiner personenbezogenen Daten gem\u00e4\u00df Art. 13-14 DSGVO ein. Information gem\u00e4\u00df Art. 10 des Gesetzes Nr. 196\/2003. Ich best\u00e4tige, dass ich die Datenschutzerkl\u00e4rung gelesen und zur Kenntnis genommen habe.<\/span><\/label><\/span><\/span><\/span><br \/>\n<\/span>\n\t\t<\/p>\n\t<\/div>\n\t<div class=\"cf7-row\" style=\"color:white !important;\">\n\t\t<p><input class=\"wpcf7-form-control wpcf7-submit has-spinner cf7-submit\" type=\"submit\" value=\"Absenden  \u2192\" \/>\n\t\t<\/p>\n\t<\/div>\n<\/div><div class=\"wpcf7-response-output\" aria-hidden=\"true\"><\/div>\n<\/form>\n<\/div>\n<\/div>\n\t\t\t\t\t\t<\/div>\n\t\t\t\t\t<\/div>\n\t\t\t\t<\/div>\n\t\t\t\t<\/div>\n\t\t","protected":false},"excerpt":{"rendered":"<p>Kontakt \u2013 Wir sind f\u00fcr Sie da Kontakt \u2013 Wir sind f\u00fcr Sie da Depot Z\u00fcrich Adresse Meilenerstrasse, 7, 8132 [&hellip;]<\/p>\n","protected":false},"author":1,"featured_media":0,"parent":0,"menu_order":0,"comment_status":"closed","ping_status":"closed","template":"","meta":{"site-sidebar-layout":"no-sidebar","site-content-layout":"","ast-site-content-layout":"full-width-container","site-content-style":"default","site-sidebar-style":"default","ast-global-header-display":"","ast-banner-title-visibility":"","ast-main-header-display":"","ast-hfb-above-header-display":"","ast-hfb-below-header-display":"","ast-hfb-mobile-header-display":"","site-post-title":"disabled","ast-breadcrumbs-content":"","ast-featured-img":"disabled","footer-sml-layout":"","ast-disable-related-posts":"","theme-transparent-header-meta":"","adv-header-id-meta":"","stick-header-meta":"","header-above-stick-meta":"","header-main-stick-meta":"","header-below-stick-meta":"","astra-migrate-meta-layouts":"default","ast-page-background-enabled":"default","ast-page-background-meta":{"desktop":{"background-color":"var(--ast-global-color-5)","background-image":"","background-repeat":"repeat","background-position":"center center","background-size":"auto","background-attachment":"scroll","background-type":"","background-media":"","overlay-type":"","overlay-color":"","overlay-opacity":"","overlay-gradient":""},"tablet":{"background-color":"","background-image":"","background-repeat":"repeat","background-position":"center center","background-size":"auto","background-attachment":"scroll","background-type":"","background-media":"","overlay-type":"","overlay-color":"","overlay-opacity":"","overlay-gradient":""},"mobile":{"background-color":"","background-image":"","background-repeat":"repeat","background-position":"center center","background-size":"auto","background-attachment":"scroll","background-type":"","background-media":"","overlay-type":"","overlay-color":"","overlay-opacity":"","overlay-gradient":""}},"ast-content-background-meta":{"desktop":{"background-color":"var(--ast-global-color-4)","background-image":"","background-repeat":"repeat","background-position":"center center","background-size":"auto","background-attachment":"scroll","background-type":"","background-media":"","overlay-type":"","overlay-color":"","overlay-opacity":"","overlay-gradient":""},"tablet":{"background-color":"var(--ast-global-color-4)","background-image":"","background-repeat":"repeat","background-position":"center center","background-size":"auto","background-attachment":"scroll","background-type":"","background-media":"","overlay-type":"","overlay-color":"","overlay-opacity":"","overlay-gradient":""},"mobile":{"background-color":"var(--ast-global-color-4)","background-image":"","background-repeat":"repeat","background-position":"center center","background-size":"auto","background-attachment":"scroll","background-type":"","background-media":"","overlay-type":"","overlay-color":"","overlay-opacity":"","overlay-gradient":""}},"footnotes":""},"class_list":["post-71","page","type-page","status-publish","hentry"],"_links":{"self":[{"href":"https:\/\/gentidellealture.ch\/index.php\/wp-json\/wp\/v2\/pages\/71","targetHints":{"allow":["GET"]}}],"collection":[{"href":"https:\/\/gentidellealture.ch\/index.php\/wp-json\/wp\/v2\/pages"}],"about":[{"href":"https:\/\/gentidellealture.ch\/index.php\/wp-json\/wp\/v2\/types\/page"}],"author":[{"embeddable":true,"href":"https:\/\/gentidellealture.ch\/index.php\/wp-json\/wp\/v2\/users\/1"}],"replies":[{"embeddable":true,"href":"https:\/\/gentidellealture.ch\/index.php\/wp-json\/wp\/v2\/comments?post=71"}],"version-history":[{"count":22,"href":"https:\/\/gentidellealture.ch\/index.php\/wp-json\/wp\/v2\/pages\/71\/revisions"}],"predecessor-version":[{"id":248,"href":"https:\/\/gentidellealture.ch\/index.php\/wp-json\/wp\/v2\/pages\/71\/revisions\/248"}],"wp:attachment":[{"href":"https:\/\/gentidellealture.ch\/index.php\/wp-json\/wp\/v2\/media?parent=71"}],"curies":[{"name":"wp","href":"https:\/\/api.w.org\/{rel}","templated":true}]}}